{"id":30857,"date":"2018-02-26T16:14:09","date_gmt":"2018-02-26T14:14:09","guid":{"rendered":"https:\/\/www.simetria.lt\/outdoor-furniture\/"},"modified":"2019-02-26T12:21:28","modified_gmt":"2019-02-26T14:21:28","slug":"outdoor-furniture","status":"publish","type":"page","link":"https:\/\/www.simetria.lt\/en\/outdoor-furniture\/","title":{"rendered":"Outdoor Furniture"},"content":{"rendered":"<div class=\"wpb-content-wrapper\"><p>[vc_row layout=&#8221;wide&#8221; css=&#8221;.vc_custom_1489995559126{padding-right: 20px !important;}&#8221;][vc_column width=&#8221;1\/4&#8243; el_class=&#8221;manufacturer-block&#8221; css=&#8221;.vc_custom_1489993555554{margin-top: 10px !important;margin-right: 10px !important;margin-bottom: 10px !important;margin-left: 10px !important;}&#8221;][vc_single_image image=&#8221;39250&#8243; img_size=&#8221;full&#8221; alignment=&#8221;center&#8221; el_class=&#8221;manufacturer-image&#8221;][vc_column_text]<\/p>\n<p style=\"text-align: center;\">Furniture, Lighting,\u00a0Interior Accessories,\u00a0Outdoor Furniture<\/p>\n<p>[\/vc_column_text][vc_raw_html el_class=&#8221;manufacturer-links&#8221;]PGRpdiBjbGFzcz0ibWFudWZhY3R1cmVyLW92ZXJsYXkiPjwvZGl2Pg0KPGRpdiBjbGFzcz0ibGlua3MiPg0KIDxhIGhyZWY9Imh0dHA6Ly9zaW1ldHJpYS5sdC9lbi9icmFuZC9rYXJ0ZWxsLyI+UHJvZHVjdHM8L2E+DQogPGEgdGFyZ2V0PSJfYmxhbmsiIGhyZWY9Imh0dHA6Ly93d3cua2FydGVsbC5jb20vbHQvIj5QYWdlPC9hPg0KPC9kaXY+DQo=[\/vc_raw_html][\/vc_column][vc_column width=&#8221;1\/4&#8243; el_class=&#8221;manufacturer-block&#8221; css=&#8221;.vc_custom_1489993566331{margin-top: 10px !important;margin-right: 10px !important;margin-bottom: 10px !important;margin-left: 10px !important;}&#8221;][vc_single_image image=&#8221;39286&#8243; img_size=&#8221;full&#8221; alignment=&#8221;center&#8221; el_class=&#8221;manufacturer-image&#8221;][vc_column_text]<\/p>\n<p style=\"text-align: center;\">Furniture, Outdoor Furniture<\/p>\n<p>[\/vc_column_text][vc_raw_html el_class=&#8221;manufacturer-links&#8221;]PGRpdiBjbGFzcz0ibWFudWZhY3R1cmVyLW92ZXJsYXkiPjwvZGl2Pg0KPGRpdiBjbGFzcz0ibGlua3MiPg0KIDxhIGhyZWY9Imh0dHA6Ly9zaW1ldHJpYS5sdC9lbi9icmFuZC90b24vIj5Qcm9kdWN0czwvYT4NCiA8YSB0YXJnZXQ9Il9ibGFuayIgaHJlZj0iaHR0cDovL3d3dy50b24uZXUvZW4vIj5QYWdlPC9hPg0KPC9kaXY+DQo=[\/vc_raw_html][\/vc_column][vc_column width=&#8221;1\/4&#8243; el_class=&#8221;manufacturer-block&#8221; css=&#8221;.vc_custom_1489993573506{margin-top: 10px !important;margin-right: 10px !important;margin-bottom: 10px !important;margin-left: 10px !important;}&#8221;][vc_single_image image=&#8221;39296&#8243; img_size=&#8221;full&#8221; alignment=&#8221;center&#8221; el_class=&#8221;manufacturer-image&#8221;][vc_column_text]<\/p>\n<p style=\"text-align: center;\">Furniture, Lighting, Interior Accessories,\u00a0Outdoor Furniture<\/p>\n<p>[\/vc_column_text][vc_raw_html el_class=&#8221;manufacturer-links&#8221;]PGRpdiBjbGFzcz0ibWFudWZhY3R1cmVyLW92ZXJsYXkiPjwvZGl2Pg0KPGRpdiBjbGFzcz0ibGlua3MiPg0KIDxhIGhyZWY9Imh0dHA6Ly9zaW1ldHJpYS5sdC9lbi9icmFuZC92aXRyYS8iPlByb2R1Y3RzPC9hPg0KIDxhIHRhcmdldD0iX2JsYW5rIiBocmVmPSJodHRwOi8vd3d3LnZpdHJhLmNvbS9lbi11bi9saXZpbmcvIj5QYWdlPC9hPg0KPC9kaXY+DQo=[\/vc_raw_html][\/vc_column][vc_column width=&#8221;1\/4&#8243; el_class=&#8221;manufacturer-block&#8221; css=&#8221;.vc_custom_1489993582427{margin-top: 10px !important;margin-right: 10px !important;margin-bottom: 10px !important;margin-left: 10px !important;}&#8221;][vc_single_image image=&#8221;39275&#8243; img_size=&#8221;full&#8221; alignment=&#8221;center&#8221; el_class=&#8221;manufacturer-image&#8221;][vc_column_text]<\/p>\n<p style=\"text-align: center;\">Furniture, Lighting, Outdoor Furniture<\/p>\n<p>[\/vc_column_text][vc_raw_html el_class=&#8221;manufacturer-links&#8221;]PGRpdiBjbGFzcz0ibWFudWZhY3R1cmVyLW92ZXJsYXkiPjwvZGl2Pg0KPGRpdiBjbGFzcz0ibGlua3MiPg0KIDxhIGhyZWY9Imh0dHA6Ly9zaW1ldHJpYS5sdC9lbi9icmFuZC9wZWRyYWxpLyI+UHJvZHVjdHM8L2E+DQogPGEgdGFyZ2V0PSJfYmxhbmsiIGhyZWY9Imh0dHA6Ly93d3cucGVkcmFsaS5pdC9lbi8iPlBhZ2U8L2E+DQo8L2Rpdj4NCg==[\/vc_raw_html][\/vc_column][\/vc_row][vc_row layout=&#8221;wide&#8221; css=&#8221;.vc_custom_1489995559126{padding-right: 20px !important;}&#8221;][vc_column width=&#8221;1\/4&#8243; el_class=&#8221;manufacturer-block&#8221; css=&#8221;.vc_custom_1489993555554{margin-top: 10px !important;margin-right: 10px !important;margin-bottom: 10px !important;margin-left: 10px !important;}&#8221;][vc_single_image image=&#8221;39251&#8243; img_size=&#8221;full&#8221; alignment=&#8221;center&#8221; el_class=&#8221;manufacturer-image&#8221;][vc_column_text]<\/p>\n<p style=\"text-align: center;\">Furniture, Outdoor Furniture<\/p>\n<p>[\/vc_column_text][vc_raw_html el_class=&#8221;manufacturer-links&#8221;]PGRpdiBjbGFzcz0ibWFudWZhY3R1cmVyLW92ZXJsYXkiPjwvZGl2Pg0KPGRpdiBjbGFzcz0ibGlua3MiPg0KIDxhIGhyZWY9Imh0dHA6Ly9zaW1ldHJpYS5sdC9lbi9icmFuZC9rcmlzdGFsaWEvIj5Qcm9kdWN0czwvYT4NCiA8YSB0YXJnZXQ9Il9ibGFuayIgaHJlZj0iaHR0cHM6Ly93d3cua3Jpc3RhbGlhLml0LyI+UGFnZTwvYT4NCjwvZGl2Pg0K[\/vc_raw_html][\/vc_column][vc_column width=&#8221;1\/4&#8243; el_class=&#8221;manufacturer-block&#8221; css=&#8221;.vc_custom_1489993566331{margin-top: 10px !important;margin-right: 10px !important;margin-bottom: 10px !important;margin-left: 10px !important;}&#8221;][vc_single_image image=&#8221;39283&#8243; img_size=&#8221;full&#8221; alignment=&#8221;center&#8221; el_class=&#8221;manufacturer-image&#8221;][vc_column_text]<\/p>\n<p style=\"text-align: center;\">Lighting, Furniture, Outdoor Furniture, Interior Accessories<\/p>\n<p>[\/vc_column_text][vc_raw_html el_class=&#8221;manufacturer-links&#8221;]PGRpdiBjbGFzcz0ibWFudWZhY3R1cmVyLW92ZXJsYXkiPjwvZGl2Pg0KPGRpdiBjbGFzcz0ibGlua3MiPg0KIDxhIGhyZWY9Imh0dHA6Ly9zaW1ldHJpYS5sdC9lbi9icmFuZC9zbGlkZS8iPlByb2R1Y3RzPC9hPg0KIDxhIHRhcmdldD0iX2JsYW5rIiBocmVmPSJodHRwOi8vc2xpZGVkZXNpZ24uaXQvZW4vIj5QYWdlPC9hPg0KPC9kaXY+DQo=[\/vc_raw_html][\/vc_column][vc_column width=&#8221;1\/4&#8243; el_class=&#8221;manufacturer-block&#8221; css=&#8221;.vc_custom_1489993573506{margin-top: 10px !important;margin-right: 10px !important;margin-bottom: 10px !important;margin-left: 10px !important;}&#8221;][vc_single_image image=&#8221;39230&#8243; img_size=&#8221;full&#8221; alignment=&#8221;center&#8221; el_class=&#8221;manufacturer-image&#8221;][vc_column_text]<\/p>\n<p style=\"text-align: center;\">Outdoor Furniture, Furniture<\/p>\n<p>[\/vc_column_text][vc_raw_html el_class=&#8221;manufacturer-links&#8221;]PGRpdiBjbGFzcz0ibWFudWZhY3R1cmVyLW92ZXJsYXkiPjwvZGl2Pg0KPGRpdiBjbGFzcz0ibGlua3MiPg0KIDxhIGhyZWY9Imh0dHA6Ly9zaW1ldHJpYS5sdC9lbi9icmFuZC9leHBvcm1pbS8iPlByb2R1Y3RzPC9hPg0KIDxhIHRhcmdldD0iX2JsYW5rIiBocmVmPSJodHRwOi8vd3d3LmV4cG9ybWltLmNvbS8iPlBhZ2U8L2E+DQo8L2Rpdj4NCg==[\/vc_raw_html][\/vc_column][vc_column width=&#8221;1\/4&#8243; el_class=&#8221;manufacturer-block&#8221; css=&#8221;.vc_custom_1489993582427{margin-top: 10px !important;margin-right: 10px !important;margin-bottom: 10px !important;margin-left: 10px !important;}&#8221;][vc_single_image image=&#8221;39237&#8243; img_size=&#8221;full&#8221; alignment=&#8221;center&#8221; el_class=&#8221;manufacturer-image&#8221;][vc_column_text]<\/p>\n<p style=\"text-align: center;\">Outdoor Furniture<\/p>\n<p>[\/vc_column_text][vc_raw_html el_class=&#8221;manufacturer-links&#8221;]PGRpdiBjbGFzcz0ibWFudWZhY3R1cmVyLW92ZXJsYXkiPjwvZGl2Pg0KPGRpdiBjbGFzcz0ibGlua3MiPg0KIDxhIGhyZWY9Imh0dHA6Ly9zaW1ldHJpYS5sdC9lbi9icmFuZC9kZWRvbi8iPlByb2R1Y3RzPC9hPg0KIDxhIHRhcmdldD0iX2JsYW5rIiBocmVmPSJodHRwOi8vd3d3LmRlZG9uLmRlL2VuLyI+UGFnZTwvYT4NCjwvZGl2Pg0K[\/vc_raw_html][\/vc_column][\/vc_row][vc_row layout=&#8221;wide&#8221; css=&#8221;.vc_custom_1489995559126{padding-right: 20px !important;}&#8221;][vc_column width=&#8221;1\/4&#8243; el_class=&#8221;manufacturer-block&#8221; css=&#8221;.vc_custom_1489993555554{margin-top: 10px !important;margin-right: 10px !important;margin-bottom: 10px !important;margin-left: 10px !important;}&#8221;][vc_single_image image=&#8221;39297&#8243; img_size=&#8221;full&#8221; alignment=&#8221;center&#8221; el_class=&#8221;manufacturer-image&#8221;][vc_column_text]<\/p>\n<p style=\"text-align: center;\">Outdoor Furniture, Lighting, Carpets<\/p>\n<p>[\/vc_column_text][vc_raw_html el_class=&#8221;manufacturer-links&#8221;]PGRpdiBjbGFzcz0ibWFudWZhY3R1cmVyLW92ZXJsYXkiPjwvZGl2Pg0KPGRpdiBjbGFzcz0ibGlua3MiPg0KIDxhIGhyZWY9Imh0dHA6Ly9zaW1ldHJpYS5sdC9lbi9icmFuZC92b25kb20vIj5Qcm9kdWN0czwvYT4NCiA8YSB0YXJnZXQ9Il9ibGFuayIgaHJlZj0iaHR0cDovL3ZvbmRvbS5jb20vIj5QYWdlPC9hPg0KPC9kaXY+DQo=[\/vc_raw_html][\/vc_column][vc_column width=&#8221;1\/4&#8243; el_class=&#8221;manufacturer-block&#8221; css=&#8221;.vc_custom_1489993566331{margin-top: 10px !important;margin-right: 10px !important;margin-bottom: 10px !important;margin-left: 10px !important;}&#8221;][vc_single_image image=&#8221;39215&#8243; img_size=&#8221;full&#8221; alignment=&#8221;center&#8221; el_class=&#8221;manufacturer-image&#8221;][vc_column_text]<\/p>\n<p style=\"text-align: center;\">Outdoor Furniture, Furniture<\/p>\n<p>[\/vc_column_text][vc_raw_html el_class=&#8221;manufacturer-links&#8221;]PGRpdiBjbGFzcz0ibWFudWZhY3R1cmVyLW92ZXJsYXkiPjwvZGl2Pg0KPGRpdiBjbGFzcz0ibGlua3MiPg0KIDxhIGhyZWY9Imh0dHA6Ly9zaW1ldHJpYS5sdC9lbi9icmFuZC9hbmRyZXUtd29ybGQvIj5Qcm9kdWN0czwvYT4NCiA8YSB0YXJnZXQ9Il9ibGFuayIgaHJlZj0iaHR0cDovL3d3dy5hbmRyZXV3b3JsZC5jb20vd29ya3NwYWNlcy8iPlBhZ2U8L2E+DQo8L2Rpdj4NCg==[\/vc_raw_html][\/vc_column][\/vc_row][vc_row][vc_column][vc_empty_space][\/vc_column][\/vc_row][vc_row layout=&#8221;wide&#8221; css=&#8221;.vc_custom_1493662190518{padding-top: 50px !important;padding-right: 100px !important;padding-bottom: 50px !important;padding-left: 100px !important;background-image: url(https:\/\/www.simetria.lt\/wp-content\/uploads\/2017\/04\/Simetria_2016_04-2.jpg?id=18640) !important;background-position: center !important;background-repeat: no-repeat !important;background-size: cover !important;}&#8221;][vc_column][vc_row_inner equal_height=&#8221;yes&#8221; content_placement=&#8221;middle&#8221; css=&#8221;.vc_custom_1493477530201{padding-top: 20px !important;padding-right: 20px !important;padding-bottom: 20px !important;padding-left: 20px !important;background-color: #ffffff !important;}&#8221;][vc_column_inner width=&#8221;1\/3&#8243; css=&#8221;.vc_custom_1501156261876{background-color: #424242 !important;}&#8221;][vc_single_image image=&#8221;39212&#8243; img_size=&#8221;200&#215;47&#8243; alignment=&#8221;center&#8221; onclick=&#8221;custom_link&#8221; link=&#8221;https:\/\/www.simetria.lt\/el-parduotuve\/&#8221;][vc_empty_space][\/vc_column_inner][vc_column_inner width=&#8221;2\/3&#8243;][vc_custom_heading text=&#8221;EL. PARDUOTUV\u0116 J\u016aS\u0172 PATOGUMUI!&#8221; font_container=&#8221;tag:h2|text_align:left|color:%23424242&#8243; use_theme_fonts=&#8221;yes&#8221; font_weight=&#8221;&#8221;][vc_column_text]Apsilankykite m\u016bs\u0173 elektronin\u0117je parduotuv\u0117je ir atraskite naujausius interjero sprendimus savo namams.[\/vc_column_text][vc_empty_space][vc_btn title=&#8221;Apsilankyti&#8221; style=&#8221;custom&#8221; custom_background=&#8221;#424242&#8243; custom_text=&#8221;#ffffff&#8221; shape=&#8221;square&#8221; align=&#8221;left&#8221; link=&#8221;url:https%3A%2F%2Fwww.simetria.lt%2Fel-parduotuve%2F|&#8221;][\/vc_column_inner][\/vc_row_inner][\/vc_column][\/vc_row][vc_column][\/vc_column]<\/p>\n<\/div>","protected":false},"excerpt":{"rendered":"<p>[vc_row layout=&#8221;wide&#8221; css=&#8221;.vc_custom_1489995559126{padding-right: 20px !important;}&#8221;][vc_column width=&#8221;1\/4&#8243; el_class=&#8221;manufacturer-block&#8221; css=&#8221;.vc_custom_1489993555554{margin-top: 10px !important;margin-right: 10px !important;margin-bottom: 10px !important;margin-left: 10px !important;}&#8221;][vc_single_image image=&#8221;39250&#8243; img_size=&#8221;full&#8221; alignment=&#8221;center&#8221; el_class=&#8221;manufacturer-image&#8221;][vc_column_text] Furniture, Lighting,\u00a0Interior Accessories,\u00a0Outdoor Furniture [\/vc_column_text][vc_raw_html el_class=&#8221;manufacturer-links&#8221;]PGRpdiBjbGFzcz0ibWFudWZhY3R1cmVyLW92ZXJsYXkiPjwvZGl2Pg0KPGRpdiBjbGFzcz0ibGlua3MiPg0KIDxhIGhyZWY9Imh0dHA6Ly9zaW1ldHJpYS5sdC9lbi9icmFuZC9rYXJ0ZWxsLyI+UHJvZHVjdHM8L2E+DQogPGEgdGFyZ2V0PSJfYmxhbmsiIGhyZWY9Imh0dHA6Ly93d3cua2FydGVsbC5jb20vbHQvIj5QYWdlPC9hPg0KPC9kaXY+DQo=[\/vc_raw_html][\/vc_column][vc_column width=&#8221;1\/4&#8243; el_class=&#8221;manufacturer-block&#8221; css=&#8221;.vc_custom_1489993566331{margin-top: 10px !important;margin-right: 10px !important;margin-bottom: 10px !important;margin-left: 10px !important;}&#8221;][vc_single_image image=&#8221;39286&#8243; img_size=&#8221;full&#8221; alignment=&#8221;center&#8221; el_class=&#8221;manufacturer-image&#8221;][vc_column_text] Furniture, Outdoor Furniture [\/vc_column_text][vc_raw_html el_class=&#8221;manufacturer-links&#8221;]PGRpdiBjbGFzcz0ibWFudWZhY3R1cmVyLW92ZXJsYXkiPjwvZGl2Pg0KPGRpdiBjbGFzcz0ibGlua3MiPg0KIDxhIGhyZWY9Imh0dHA6Ly9zaW1ldHJpYS5sdC9lbi9icmFuZC90b24vIj5Qcm9kdWN0czwvYT4NCiA8YSB0YXJnZXQ9Il9ibGFuayIgaHJlZj0iaHR0cDovL3d3dy50b24uZXUvZW4vIj5QYWdlPC9hPg0KPC9kaXY+DQo=[\/vc_raw_html][\/vc_column][vc_column width=&#8221;1\/4&#8243; el_class=&#8221;manufacturer-block&#8221; css=&#8221;.vc_custom_1489993573506{margin-top: 10px !important;margin-right: 10px !important;margin-bottom: 10px !important;margin-left:&#8230;<\/p>\n","protected":false},"author":1,"featured_media":0,"parent":0,"menu_order":0,"comment_status":"closed","ping_status":"closed","template":"","meta":{"footnotes":""},"_links":{"self":[{"href":"https:\/\/www.simetria.lt\/en\/wp-json\/wp\/v2\/pages\/30857"}],"collection":[{"href":"https:\/\/www.simetria.lt\/en\/wp-json\/wp\/v2\/pages"}],"about":[{"href":"https:\/\/www.simetria.lt\/en\/wp-json\/wp\/v2\/types\/page"}],"author":[{"embeddable":true,"href":"https:\/\/www.simetria.lt\/en\/wp-json\/wp\/v2\/users\/1"}],"replies":[{"embeddable":true,"href":"https:\/\/www.simetria.lt\/en\/wp-json\/wp\/v2\/comments?post=30857"}],"version-history":[{"count":4,"href":"https:\/\/www.simetria.lt\/en\/wp-json\/wp\/v2\/pages\/30857\/revisions"}],"predecessor-version":[{"id":54990,"href":"https:\/\/www.simetria.lt\/en\/wp-json\/wp\/v2\/pages\/30857\/revisions\/54990"}],"wp:attachment":[{"href":"https:\/\/www.simetria.lt\/en\/wp-json\/wp\/v2\/media?parent=30857"}],"curies":[{"name":"wp","href":"https:\/\/api.w.org\/{rel}","templated":true}]}}