{"id":31699,"date":"2018-03-05T11:49:25","date_gmt":"2018-03-05T09:49:25","guid":{"rendered":"https:\/\/www.simetria.lt\/brand\/michael-anastassiade\/"},"modified":"2019-02-27T12:34:30","modified_gmt":"2019-02-27T14:34:30","slug":"michael-anastassiade","status":"publish","type":"page","link":"https:\/\/www.simetria.lt\/en\/brand\/michael-anastassiade\/","title":{"rendered":"Michael Anastassiade"},"content":{"rendered":"<div class=\"wpb-content-wrapper\"><p>[vc_row full_width=&#8221;stretch_row_content&#8221; layout=&#8221;wide&#8221; css=&#8221;.vc_custom_1493475517151{margin-bottom: 30px !important;}&#8221;][vc_column]<div class=\"portfolio-container\">\r\n  <div class=\"portfolio overflow-hidden   paging\" id=\"portfolio-69e36d70bd3cd\" >\r\n      <!-- Portfolio Filter -->\r\n            <!-- End Portfolio Filter -->\r\n\r\n      <!-- Portfolio Wrapper -->\r\n      <div class=\"portfolio-wrapper sofani-col-md-4 col-padding-15 masonry hover-dir-on\"\r\n          data-section-id=\"69e36d70bd3cd\"\r\n          id=\"portfolio-container-69e36d70bd3cd\"\r\n          data-columns=\"4\">\r\n          \r\n          \n<div class=\"portfolio-item hover-dir gamintojas-michael-anastassiade  hover-align-center\">\n    <!-- Title top -->\n    \n    <div class=\"entry-thumbnail title-category effect_5\">\n    <img loading=\"lazy\" decoding=\"async\" width=\"600\" height=\"600\" src=\"https:\/\/www.simetria.lt\/wp-content\/uploads\/2017\/05\/17834213_1284112381664912_7634760442574942235_o.jpg\" alt=\"Pakabinami \u0161viestuvai Arrangement\"\/>\n    <div class=\"entry-thumbnail-hover p-bg-rgba-color\">\n        <div class=\"entry-hover-wrapper\">\n            <div class=\"entry-hover-inner\">\n                                    <a href=\"https:\/\/www.simetria.lt\/en\/portfolio\/pakabinami-sviestuvai-arrangement\/\" class=\"line-height-1\"><div class=\"title fc-white\">Pakabinami \u0161viestuvai Arrangement<\/div><\/a>\n                                <span class=\"category line-height-1\">Michael Anastassiade<\/span>\n            <\/div>\n        <\/div>\n    <\/div>\n\n<\/div>\n    <!-- Title bottom -->\n    \n    <!-- @TODO: process media type -->\n    <div style=\"display: none\">\n                <div>\n                <a href=\"https:\/\/www.simetria.lt\/wp-content\/uploads\/2017\/05\/flos-anastassiades-arrangement-sviestuvai-simetria.jpg\"\n                   data-rel=\"prettyPhoto[pp_gal_19617]\"\n                   title=\"<a href='https:\/\/www.simetria.lt\/en\/portfolio\/pakabinami-sviestuvai-arrangement\/'>Pakabinami \u0161viestuvai Arrangement<\/a>\"><\/a>\n            <\/div>\n                    <div>\n                <a href=\"https:\/\/www.simetria.lt\/wp-content\/uploads\/2017\/05\/flos-anastassiades-arrangement-sviestuvai-simetria-78.jpg\"\n                   data-rel=\"prettyPhoto[pp_gal_19617]\"\n                   title=\"<a href='https:\/\/www.simetria.lt\/en\/portfolio\/pakabinami-sviestuvai-arrangement\/'>Pakabinami \u0161viestuvai Arrangement<\/a>\"><\/a>\n            <\/div>\n                    <div>\n                <a href=\"https:\/\/www.simetria.lt\/wp-content\/uploads\/2017\/05\/flos-anastassiades-arrangement-sviestuvai-simetria-77-1.jpg\"\n                   data-rel=\"prettyPhoto[pp_gal_19617]\"\n                   title=\"<a href='https:\/\/www.simetria.lt\/en\/portfolio\/pakabinami-sviestuvai-arrangement\/'>Pakabinami \u0161viestuvai Arrangement<\/a>\"><\/a>\n            <\/div>\n                    <div>\n                <a href=\"https:\/\/www.simetria.lt\/wp-content\/uploads\/2017\/05\/flos-anastassiades-arrangement-sviestuvai-simetria-6.jpg\"\n                   data-rel=\"prettyPhoto[pp_gal_19617]\"\n                   title=\"<a href='https:\/\/www.simetria.lt\/en\/portfolio\/pakabinami-sviestuvai-arrangement\/'>Pakabinami \u0161viestuvai Arrangement<\/a>\"><\/a>\n            <\/div>\n                    <div>\n                <a href=\"https:\/\/www.simetria.lt\/wp-content\/uploads\/2017\/05\/flos-anastassiades-arrangement-sviestuvai-simetria-77.jpg\"\n                   data-rel=\"prettyPhoto[pp_gal_19617]\"\n                   title=\"<a href='https:\/\/www.simetria.lt\/en\/portfolio\/pakabinami-sviestuvai-arrangement\/'>Pakabinami \u0161viestuvai Arrangement<\/a>\"><\/a>\n            <\/div>\n                    <div>\n                <a href=\"https:\/\/www.simetria.lt\/wp-content\/uploads\/2017\/05\/17834213_1284112381664912_7634760442574942235_o.jpg\"\n                   data-rel=\"prettyPhoto[pp_gal_19617]\"\n                   title=\"<a href='https:\/\/www.simetria.lt\/en\/portfolio\/pakabinami-sviestuvai-arrangement\/'>Pakabinami \u0161viestuvai Arrangement<\/a>\"><\/a>\n            <\/div>\n        <\/div>\n<\/div>\n\r\n          \r\n          \n<div class=\"portfolio-item hover-dir gamintojas-michael-anastassiade  hover-align-center\">\n    <!-- Title top -->\n    \n    <div class=\"entry-thumbnail title-category effect_5\">\n    <img loading=\"lazy\" decoding=\"async\" width=\"600\" height=\"600\" src=\"https:\/\/www.simetria.lt\/wp-content\/uploads\/2016\/04\/angle-2.png\" alt=\"\u0160VIESTUVAS ANGLE\"\/>\n    <div class=\"entry-thumbnail-hover p-bg-rgba-color\">\n        <div class=\"entry-hover-wrapper\">\n            <div class=\"entry-hover-inner\">\n                                    <a href=\"https:\/\/www.simetria.lt\/en\/portfolio\/4786\/\" class=\"line-height-1\"><div class=\"title fc-white\">\u0160VIESTUVAS ANGLE<\/div><\/a>\n                                <span class=\"category line-height-1\">Michael Anastassiade<\/span>\n            <\/div>\n        <\/div>\n    <\/div>\n\n<\/div>\n    <!-- Title bottom -->\n    \n    <!-- @TODO: process media type -->\n    <div style=\"display: none\">\n                <div>\n                <a href=\"https:\/\/www.simetria.lt\/wp-content\/uploads\/2016\/04\/angle-1.png\"\n                   data-rel=\"prettyPhoto[pp_gal_15157]\"\n                   title=\"<a href='https:\/\/www.simetria.lt\/en\/portfolio\/4786\/'>\u0160VIESTUVAS ANGLE<\/a>\"><\/a>\n            <\/div>\n                    <div>\n                <a href=\"https:\/\/www.simetria.lt\/wp-content\/uploads\/2016\/04\/angle-3.png\"\n                   data-rel=\"prettyPhoto[pp_gal_15157]\"\n                   title=\"<a href='https:\/\/www.simetria.lt\/en\/portfolio\/4786\/'>\u0160VIESTUVAS ANGLE<\/a>\"><\/a>\n            <\/div>\n                    <div>\n                <a href=\"https:\/\/www.simetria.lt\/wp-content\/uploads\/2016\/04\/angle-4.png\"\n                   data-rel=\"prettyPhoto[pp_gal_15157]\"\n                   title=\"<a href='https:\/\/www.simetria.lt\/en\/portfolio\/4786\/'>\u0160VIESTUVAS ANGLE<\/a>\"><\/a>\n            <\/div>\n                    <div>\n                <a href=\"https:\/\/www.simetria.lt\/wp-content\/uploads\/2016\/04\/angle-5.png\"\n                   data-rel=\"prettyPhoto[pp_gal_15157]\"\n                   title=\"<a href='https:\/\/www.simetria.lt\/en\/portfolio\/4786\/'>\u0160VIESTUVAS ANGLE<\/a>\"><\/a>\n            <\/div>\n                    <div>\n                <a href=\"https:\/\/www.simetria.lt\/wp-content\/uploads\/2016\/04\/angle-2.png\"\n                   data-rel=\"prettyPhoto[pp_gal_15157]\"\n                   title=\"<a href='https:\/\/www.simetria.lt\/en\/portfolio\/4786\/'>\u0160VIESTUVAS ANGLE<\/a>\"><\/a>\n            <\/div>\n        <\/div>\n<\/div>\n\r\n          \r\n          \n<div class=\"portfolio-item hover-dir gamintojas-michael-anastassiade  hover-align-center\">\n    <!-- Title top -->\n    \n    <div class=\"entry-thumbnail title-category effect_5\">\n    <img loading=\"lazy\" decoding=\"async\" width=\"600\" height=\"600\" src=\"https:\/\/www.simetria.lt\/wp-content\/uploads\/2015\/10\/524_01-05-2015_3242.jpg\" alt=\"Mobile Chandelier\"\/>\n    <div class=\"entry-thumbnail-hover p-bg-rgba-color\">\n        <div class=\"entry-hover-wrapper\">\n            <div class=\"entry-hover-inner\">\n                                    <a href=\"https:\/\/www.simetria.lt\/en\/portfolio\/mobile-chandalier\/\" class=\"line-height-1\"><div class=\"title fc-white\">Mobile Chandelier<\/div><\/a>\n                                <span class=\"category line-height-1\">Michael Anastassiade<\/span>\n            <\/div>\n        <\/div>\n    <\/div>\n\n<\/div>\n    <!-- Title bottom -->\n    \n    <!-- @TODO: process media type -->\n    <div style=\"display: none\">\n                <div>\n                <a href=\"https:\/\/www.simetria.lt\/wp-content\/uploads\/2015\/10\/ma-mobile-7.jpg\"\n                   data-rel=\"prettyPhoto[pp_gal_15073]\"\n                   title=\"<a href='https:\/\/www.simetria.lt\/en\/portfolio\/mobile-chandalier\/'>Mobile Chandelier<\/a>\"><\/a>\n            <\/div>\n                    <div>\n                <a href=\"https:\/\/www.simetria.lt\/wp-content\/uploads\/2015\/10\/mc_9_img1_on_-c2aemichaelanastassiades.jpg\"\n                   data-rel=\"prettyPhoto[pp_gal_15073]\"\n                   title=\"<a href='https:\/\/www.simetria.lt\/en\/portfolio\/mobile-chandalier\/'>Mobile Chandelier<\/a>\"><\/a>\n            <\/div>\n                    <div>\n                <a href=\"https:\/\/www.simetria.lt\/wp-content\/uploads\/2015\/10\/minimal-chandelier-7.jpg\"\n                   data-rel=\"prettyPhoto[pp_gal_15073]\"\n                   title=\"<a href='https:\/\/www.simetria.lt\/en\/portfolio\/mobile-chandalier\/'>Mobile Chandelier<\/a>\"><\/a>\n            <\/div>\n                    <div>\n                <a href=\"https:\/\/www.simetria.lt\/wp-content\/uploads\/2015\/10\/524_01-05-2015_3242.jpg\"\n                   data-rel=\"prettyPhoto[pp_gal_15073]\"\n                   title=\"<a href='https:\/\/www.simetria.lt\/en\/portfolio\/mobile-chandalier\/'>Mobile Chandelier<\/a>\"><\/a>\n            <\/div>\n        <\/div>\n<\/div>\n\r\n                <\/div>\r\n      <!-- End Portfolio Wrap -->\r\n\r\n      <!-- Portfolio Paging -->\r\n        <\/div>\r\n<\/div>\r\n\r\n<script type=\"text\/javascript\">\r\n  (function ($) {\r\n    \"use strict\";\r\n    $(document).ready(function () {\r\n      var $tab_container = jQuery('#portfolio-69e36d70bd3cd');\r\n      $('.portfolio-tabs .isotope-portfolio', $tab_container).off();\r\n      $('.portfolio-tabs .isotope-portfolio', $tab_container).click(function () {\r\n        $('.portfolio-tabs .isotope-portfolio', $tab_container).removeClass('active');\r\n        $('.portfolio-tabs li', $tab_container).removeClass('active');\r\n        $(this).addClass('active');\r\n        $(this).parent().addClass('active');\r\n        var dataSectionId = $(this).attr('data-section-id');\r\n        var filter        = $(this).attr('data-filter');\r\n        var $container    = jQuery('div[data-section-id=\"' + dataSectionId + '\"]').isotope({ filter: filter});\r\n        $container.imagesLoaded(function () {\r\n          $container.isotope('layout');\r\n        });\r\n      });\r\n      var $container = jQuery('div[data-section-id=\"69e36d70bd3cd\"]');\r\n      $container.imagesLoaded(function () {\r\n        $container.isotope({\r\n          itemSelector: '.portfolio-item'\r\n        }).isotope('layout');\r\n      });\r\n    });\r\n\r\n    $(document).ready(function () {\r\n            $('.portfolio-item.hover-dir > div.entry-thumbnail').hoverdir();\r\n            \r\n      PortfolioAjaxAction.init('https:\/\/www.simetria.lt\/wp-admin\/admin-ajax.php', '69e36d70bd3cd');\r\n    })\r\n\r\n  })(jQuery);\r\n<\/script>[\/vc_column][\/vc_row]<\/p>\n<p>[vc_row layout=&#8221;wide&#8221; css=&#8221;.vc_custom_1493662190518{padding-top: 50px !important;padding-right: 100px !important;padding-bottom: 50px !important;padding-left: 100px !important;background-image: url(https:\/\/www.simetria.lt\/wp-content\/uploads\/2017\/04\/Simetria_2016_04-2.jpg?id=18640) !important;background-position: center !important;background-repeat: no-repeat !important;background-size: cover !important;}&#8221;][vc_column][vc_row_inner equal_height=&#8221;yes&#8221; content_placement=&#8221;middle&#8221; css=&#8221;.vc_custom_1493477530201{padding-top: 20px !important;padding-right: 20px !important;padding-bottom: 20px !important;padding-left: 20px !important;background-color: #ffffff !important;}&#8221;][vc_column_inner width=&#8221;1\/3&#8243; css=&#8221;.vc_custom_1501156261876{background-color: #424242 !important;}&#8221;][vc_single_image image=&#8221;55036&#8243; img_size=&#8221;200&#215;47&#8243; alignment=&#8221;center&#8221; onclick=&#8221;custom_link&#8221; link=&#8221;https:\/\/www.simetria.lt\/el-parduotuve\/&#8221;][vc_empty_space][\/vc_column_inner][vc_column_inner width=&#8221;2\/3&#8243;][vc_custom_heading text=&#8221;EL. PARDUOTUV\u0116 J\u016aS\u0172 PATOGUMUI!&#8221; font_container=&#8221;tag:h2|text_align:left|color:%23424242&#8243; use_theme_fonts=&#8221;yes&#8221; font_weight=&#8221;&#8221;][vc_column_text]Apsilankykite m\u016bs\u0173 elektronin\u0117je parduotuv\u0117je ir atraskite naujausius interjero sprendimus savo namams.[\/vc_column_text][vc_empty_space][vc_btn title=&#8221;Apsilankyti&#8221; style=&#8221;custom&#8221; custom_background=&#8221;#424242&#8243; custom_text=&#8221;#ffffff&#8221; shape=&#8221;square&#8221; align=&#8221;left&#8221; link=&#8221;url:https%3A%2F%2Fwww.simetria.lt%2Fel-parduotuve%2F|&#8221;][\/vc_column_inner][\/vc_row_inner][\/vc_column][\/vc_row][vc_column][\/vc_column]<\/p>\n<\/div>","protected":false},"excerpt":{"rendered":"<p>[vc_row full_width=&#8221;stretch_row_content&#8221; layout=&#8221;wide&#8221; css=&#8221;.vc_custom_1493475517151{margin-bottom: 30px !important;}&#8221;][vc_column][\/vc_column][\/vc_row] [vc_row layout=&#8221;wide&#8221; css=&#8221;.vc_custom_1493662190518{padding-top: 50px !important;padding-right: 100px !important;padding-bottom: 50px !important;padding-left: 100px !important;background-image: url(https:\/\/www.simetria.lt\/wp-content\/uploads\/2017\/04\/Simetria_2016_04-2.jpg?id=18640) !important;background-position: center !important;background-repeat: no-repeat !important;background-size: cover !important;}&#8221;][vc_column][vc_row_inner equal_height=&#8221;yes&#8221; content_placement=&#8221;middle&#8221; css=&#8221;.vc_custom_1493477530201{padding-top: 20px !important;padding-right: 20px !important;padding-bottom: 20px !important;padding-left: 20px !important;background-color: #ffffff !important;}&#8221;][vc_column_inner width=&#8221;1\/3&#8243; css=&#8221;.vc_custom_1501156261876{background-color: #424242 !important;}&#8221;][vc_single_image image=&#8221;55036&#8243; img_size=&#8221;200&#215;47&#8243; alignment=&#8221;center&#8221; onclick=&#8221;custom_link&#8221; link=&#8221;https:\/\/www.simetria.lt\/el-parduotuve\/&#8221;][vc_empty_space][\/vc_column_inner][vc_column_inner width=&#8221;2\/3&#8243;][vc_custom_heading text=&#8221;EL. PARDUOTUV\u0116 J\u016aS\u0172 PATOGUMUI!&#8221; font_container=&#8221;tag:h2|text_align:left|color:%23424242&#8243; use_theme_fonts=&#8221;yes&#8221; font_weight=&#8221;&#8221;][vc_column_text]Apsilankykite&#8230;<\/p>\n","protected":false},"author":1,"featured_media":0,"parent":31608,"menu_order":0,"comment_status":"closed","ping_status":"closed","template":"","meta":{"footnotes":""},"_links":{"self":[{"href":"https:\/\/www.simetria.lt\/en\/wp-json\/wp\/v2\/pages\/31699"}],"collection":[{"href":"https:\/\/www.simetria.lt\/en\/wp-json\/wp\/v2\/pages"}],"about":[{"href":"https:\/\/www.simetria.lt\/en\/wp-json\/wp\/v2\/types\/page"}],"author":[{"embeddable":true,"href":"https:\/\/www.simetria.lt\/en\/wp-json\/wp\/v2\/users\/1"}],"replies":[{"embeddable":true,"href":"https:\/\/www.simetria.lt\/en\/wp-json\/wp\/v2\/comments?post=31699"}],"version-history":[{"count":1,"href":"https:\/\/www.simetria.lt\/en\/wp-json\/wp\/v2\/pages\/31699\/revisions"}],"predecessor-version":[{"id":55093,"href":"https:\/\/www.simetria.lt\/en\/wp-json\/wp\/v2\/pages\/31699\/revisions\/55093"}],"up":[{"embeddable":true,"href":"https:\/\/www.simetria.lt\/en\/wp-json\/wp\/v2\/pages\/31608"}],"wp:attachment":[{"href":"https:\/\/www.simetria.lt\/en\/wp-json\/wp\/v2\/media?parent=31699"}],"curies":[{"name":"wp","href":"https:\/\/api.w.org\/{rel}","templated":true}]}}